{"id":15,"date":"2016-04-15T06:52:16","date_gmt":"2016-04-15T06:52:16","guid":{"rendered":"http:\/\/localhost\/frelighsburg\/?page_id=15"},"modified":"2020-06-25T19:34:42","modified_gmt":"2020-06-25T19:34:42","slug":"tourisme","status":"publish","type":"page","link":"https:\/\/frelighsburg.ca\/en\/tourisme\/","title":{"rendered":"Tourism"},"content":{"rendered":"<p><\/p>\n<h3><img loading=\"lazy\" decoding=\"async\" class=\"alignleft size-medium wp-image-986\" src=\"http:\/\/localhost\/frelighsburg\/wp-content\/uploads\/2016\/06\/ecole-eglise-300x225.jpg\" alt=\"ecole-eglise\" width=\"300\" height=\"225\" srcset=\"https:\/\/frelighsburg.ca\/wp-content\/uploads\/2016\/06\/ecole-eglise-300x225.jpg 300w, https:\/\/frelighsburg.ca\/wp-content\/uploads\/2016\/06\/ecole-eglise-768x577.jpg 768w, https:\/\/frelighsburg.ca\/wp-content\/uploads\/2016\/06\/ecole-eglise-1024x769.jpg 1024w\" sizes=\"auto, (max-width: 300px) 100vw, 300px\" \/>Tourist Information Office<\/h3>\n<ul>\n<li>1 Place de l&#8217;H\u00f4tel de ville<\/li>\n<li>Frelighsburg (Qu\u00e9bec) Canada J0J 1C0<\/li>\n<li>T\u00e9l : (450) 298.5130 #30<\/li>\n<li>This email address is being protected from spambots. You need JavaScript enabled to view it.&#8221;&gt;&#8217;+addy_text48639+'&lt;\\\/a&gt;&#8217;; \/\/&#8211;&gt;<\/li>\n<\/ul>\n<p>Open 9 a.m. to 5 p.m. from May to October inclusively<\/p>\n<p>&nbsp;<\/p>\n<h3>Tourism, Arts and Commerce<\/h3>\n<p><a href=\"http:\/\/www.village.frelighsburg.qc.ca\/\" target=\"_blank\" rel=\"noopener noreferrer\">http:\/\/www.village.frelighsburg.qc.ca\/<\/a><\/p>\n<h3>Festiv&#8217;ART<\/h3>\n<p><a title=\"http:\/\/www.festivart.org\" href=\"http:\/\/www.festivart.org\" target=\"_blank\" rel=\"noopener noreferrer\">http:\/\/www.festivart.org<\/a><\/p>\n<h3>Hiking Trails<\/h3>\n<p><a href=\"http:\/\/www.village.frelighsburg.qc.ca\/pages_francais\/carte_marche.html\" target=\"_blank\" rel=\"noopener noreferrer\">http:\/\/www.village.frelighsburg.qc.ca\/pages_francais\/carte_marche.html<\/a><\/p>\n<h3>Bike Routes<\/h3>\n<p><a href=\"http:\/\/www.village.frelighsburg.qc.ca\/pages_francais\/carte_velos.html\" target=\"_blank\" rel=\"noopener noreferrer\">http:\/\/www.village.frelighsburg.qc.ca\/pages_francais\/carte_velos.html<\/a><br \/>\n<a href=\"http:\/\/www.cantonsdelest.com\/ATRCE\/carte\/index.php?lang=0\" target=\"_blank\" rel=\"noopener noreferrer\">http:\/\/www.cantonsdelest.com\/ATRCE\/carte\/index.php?lang=0<\/a><\/p>\n<h3>Wine Route<\/h3>\n<p><a href=\"http:\/\/www.laroutedesvins.ca\/\" target=\"_blank\" rel=\"noopener noreferrer\">http:\/\/www.laroutedesvins.ca\/<\/a><\/p>\n<h3>Townships Trail<\/h3>\n<p><a href=\"http:\/\/www.chemindescantons.qc.ca\/\" target=\"_blank\" rel=\"noopener noreferrer\">http:\/\/www.chemindescantons.qc.ca\/<\/a><\/p>\n<h3>Art Events<\/h3>\n<p><a href=\"http:\/\/www.festivart.org\/\" target=\"_blank\" rel=\"noopener noreferrer\">Le Festiv&#8217;Art <\/a> Labour Day Weekend<br \/>\n<a href=\"http:\/\/tourneedes20.com\/\" target=\"_blank\" rel=\"noopener noreferrer\">http:\/\/tourneedes20.com\/<\/a> Regional Artists&#8217; Open House Tour<\/p>\n<h3>Art Galeries and Studios<\/h3>\n<ul>\n<li>Galerie de Frelighsburg (Grammar School)<\/li>\n<li>Collectif d&#8217;artistes c\u0153ur nomade : <a href=\"mailto:&lt;span id=\">This email address is being protected from spambots. You need JavaScript enabled to view it.<br \/>\n<script type=\"text\/javascript\">\n \/\/<!--\n document.getElementById('cloak57685').innerHTML = '';\n var prefix = '&#109;a' + 'i&#108;' + '&#116;o';\n var path = 'hr' + 'ef' + '=';\n var addy57685 = 'c&#111;&#101;&#117;rn&#111;m&#97;d&#101;' + '&#64;';\n addy57685 = addy57685 + 'h&#111;tm&#97;&#105;l' + '&#46;' + 'c&#111;m';\n document.getElementById('cloak57685').innerHTML += '<a ' + path + '\\'' + prefix + ':' + addy57685 + '\\'>' + addy57685+'<\\\/a>';\n \/\/-->\n <\/script>&#8220;&gt;<span id=\"cloak54406\"><\/span><\/a><a href=\"mailto:coeurnomade@hotmail.com\">coeurnomade@hotmail.com<\/a><script type=\"text\/javascript\">\n \/\/<!--\n document.getElementById('cloak54406').innerHTML = '';\n var prefix = '&#109;a' + 'i&#108;' + '&#116;o';\n var path = 'hr' + 'ef' + '=';\n var addy54406 = 'c&#111;&#101;&#117;rn&#111;m&#97;d&#101;' + '&#64;';\n addy54406 = addy54406 + 'h&#111;tm&#97;&#105;l' + '&#46;' + 'c&#111;m';\n document.getElementById('cloak54406').innerHTML += '<a ' + path + '\\'' + prefix + ':' + addy54406 + '\\'>' + addy54406+'<\\\/a>';\n \/\/-->\n <\/script><\/li>\n<li>Cours d&#8217;art: <a href=\"http:\/\/ecoledartdefrelighsburg.com\/\" target=\"_blank\" rel=\"noopener noreferrer\">http:\/\/ecoledartdefrelighsburg.com\/<\/a><\/li>\n<\/ul>\n<h3>Restaurants, Bistros and Caf\u00e9s in Frelighsburg<\/h3>\n<ul>\n<li>Lyvano (450.298.1119) <a href=\"http:\/\/www.restaurantlyvano.com\/\" target=\"_blank\" rel=\"noopener noreferrer\">http:\/\/www.restaurantlyvano.com\/<\/a><\/li>\n<li>Les Deux Clochers (450.298.5086)<\/li>\n<li>Les Sucreries de l&#8217;\u00c9rable (450.298.5181)<\/li>\n<li><a href=\"http:\/\/www.lagirondine.ca\/\" target=\"_blank\" rel=\"noopener noreferrer\">La Girondine<\/a>, &#8220;Table Champ\u00eatre&#8221; \u2013 by reservation only (450.298.5206)<\/li>\n<\/ul>\n<h3>Massage Therapy<\/h3>\n<p><a href=\"http:\/\/www.cliniquecolibri.com\/\" target=\"_blank\" rel=\"noopener noreferrer\">Clinique Colibri<\/a><\/p>\n<h3>Spiritual Centre<\/h3>\n<p><a title=\"http:\/\/www.ashram-mangalam.qc.ca\/\" href=\"http:\/\/www.ashram-mangalam.qc.ca\/\" target=\"_blank\" rel=\"noopener noreferrer\">http:\/\/www.ashram-mangalam.qc.ca\/<\/a><\/p>\n<h3>Frelighsburg Resource Directory<\/h3>\n<p><a title=\"http:\/\/village.frelighsburg.qc.ca\/pages_francais\/dep-ressources11-lr.pdf\" href=\"http:\/\/village.frelighsburg.qc.ca\/pages_francais\/dep-ressources11-lr.pdf\" target=\"_blank\" rel=\"noopener noreferrer\">http:\/\/village.frelighsburg.qc.ca\/pages_francais\/dep-ressources11-lr.pdf<\/a><\/p>\n<h3>Accomodations<\/h3>\n<p><a title=\"http:\/\/www.auchantdelonde.ca\/\" href=\"http:\/\/www.auchantdelonde.ca\/\" target=\"_blank\" rel=\"noopener noreferrer\">http:\/\/www.auchantdelonde.ca\/<\/a><br \/>\n<a title=\"http:\/\/www.chutes.qc.ca\/\" href=\"http:\/\/www.chutes.qc.ca\/\" target=\"_blank\" rel=\"noopener noreferrer\">http:\/\/www.chutes.qc.ca\/<\/a><\/p>\n<h3>Association of The Most Beautiful Villages of Qu\u00e9bec<\/h3>\n<p><a title=\"http:\/\/www.beauxvillages.qc.ca\/villages_fr_frelighsburg\/frelighsburg_fr.htm\" href=\"http:\/\/www.beauxvillages.qc.ca\/villages_fr_frelighsburg\/frelighsburg_fr.htm\" target=\"_blank\" rel=\"noopener noreferrer\">http:\/\/www.beauxvillages.qc.ca\/villages_fr_frelighsburg\/frelighsburg_fr.htm<\/a><\/p>","protected":false},"excerpt":{"rendered":"<p>Tourist Information Office 1 Place de l&#8217;H\u00f4tel de ville Frelighsburg (Qu\u00e9bec) Canada J0J 1C0 T\u00e9l : (450) 298.5130 #30 This email address is being protected from spambots. You need JavaScript enabled to view it.&#8221;&gt;&#8217;+addy_text48639+'&lt;\\\/a&gt;&#8217;; \/\/&#8211;&gt; Open 9 a.m. to 5 <a class=\"read-more\" href=\"https:\/\/frelighsburg.ca\/en\/tourisme\/\">Read More<\/a><\/p>\n","protected":false},"author":1,"featured_media":0,"parent":0,"menu_order":0,"comment_status":"closed","ping_status":"closed","template":"","meta":{"_acf_changed":false,"_monsterinsights_skip_tracking":false,"_monsterinsights_sitenote_active":false,"_monsterinsights_sitenote_note":"","_monsterinsights_sitenote_category":0,"footnotes":""},"class_list":["post-15","page","type-page","status-publish","hentry"],"acf":[],"aioseo_notices":[],"jetpack_sharing_enabled":true,"_links":{"self":[{"href":"https:\/\/frelighsburg.ca\/en\/wp-json\/wp\/v2\/pages\/15","targetHints":{"allow":["GET"]}}],"collection":[{"href":"https:\/\/frelighsburg.ca\/en\/wp-json\/wp\/v2\/pages"}],"about":[{"href":"https:\/\/frelighsburg.ca\/en\/wp-json\/wp\/v2\/types\/page"}],"author":[{"embeddable":true,"href":"https:\/\/frelighsburg.ca\/en\/wp-json\/wp\/v2\/users\/1"}],"replies":[{"embeddable":true,"href":"https:\/\/frelighsburg.ca\/en\/wp-json\/wp\/v2\/comments?post=15"}],"version-history":[{"count":5,"href":"https:\/\/frelighsburg.ca\/en\/wp-json\/wp\/v2\/pages\/15\/revisions"}],"predecessor-version":[{"id":5816,"href":"https:\/\/frelighsburg.ca\/en\/wp-json\/wp\/v2\/pages\/15\/revisions\/5816"}],"wp:attachment":[{"href":"https:\/\/frelighsburg.ca\/en\/wp-json\/wp\/v2\/media?parent=15"}],"curies":[{"name":"wp","href":"https:\/\/api.w.org\/{rel}","templated":true}]}}