{"id":504,"date":"2016-05-25T13:13:25","date_gmt":"2016-05-25T13:13:25","guid":{"rendered":"http:\/\/localhost\/frelighsburg\/?page_id=504"},"modified":"2026-03-23T16:09:33","modified_gmt":"2026-03-23T20:09:33","slug":"repertoire-des-employes","status":"publish","type":"page","link":"https:\/\/frelighsburg.ca\/en\/municipalite\/repertoire-des-employes\/","title":{"rendered":"Municipal Personnel"},"content":{"rendered":"<p><\/p>\n<table width=\"100%\">\n<thead>\n<tr>\n<td><strong>Titre<\/strong><\/td>\n<td><strong>Nom<\/strong><\/td>\n<td><strong>No. de t\u00e9l\u00e9phone<\/strong><\/td>\n<td><strong>Poste<\/strong><\/td>\n<td><strong>Courriel<\/strong><\/td>\n<\/tr>\n<\/thead>\n<tbody>\n<tr>\n<td>Accueil<\/td>\n<td>Genevi\u00e8ve Marcoux, Assistante administrative, responsable de l&#8217;accueil et de la logistique interne<\/td>\n<td>(450) 298-5133<\/td>\n<td>125<\/td>\n<td><a href=\"mailto:municipalite@frelighsburg.ca\">@<\/a><\/td>\n<\/tr>\n<tr>\n<td rowspan=\"3\">Direction g\u00e9n\u00e9rale<\/td>\n<td>Sergey Golikov, Directeur g\u00e9n\u00e9ral, greffier et tr\u00e9sorier<\/td>\n<td>(450) 298-5133<\/td>\n<td>121<\/td>\n<td><a href=\"mailto:direction@frelighsburg.ca\">@<\/a><\/td>\n<\/tr>\n<tr>\n<td>Maike Storks, Greffi\u00e8re adjointe<\/td>\n<td>(450) 298-5133<\/td>\n<td>123<\/td>\n<td><a href=\"mailto:greffe@frelighsburg.ca\">@<\/a><\/td>\n<\/tr>\n<tr>\n<td>Nathalie Khayat, Adjointe \u00e0 la direction, responsable de la comptabilit\u00e9 et des communications<\/td>\n<td>(450) 298-5133<\/td>\n<td>128<\/td>\n<td><a href=\"mailto:admin@frelighsburg.ca\">@<\/a><\/td>\n<\/tr>\n<tr>\n<td rowspan=\"2\">Travaux publics et voirie<\/td>\n<td>Jessie Choini\u00e8re, Superviseur du service des travaux publics et de la voirie<\/td>\n<td>(450) 298-5133<\/td>\n<td>124<\/td>\n<td><a href=\"mailto:voirie@frelighsburg.ca\">@<\/a><\/td>\n<\/tr>\n<tr>\n<td>Alex Royer Whitehead, Main-d&#8217;\u0153uvre \u00e9quipement motoris\u00e9<\/td>\n<td>(450) 298-5133<\/td>\n<td>132<\/td>\n<td><a href=\"mailto:voirie@frelighsburg.ca\">@<\/a><\/td>\n<\/tr>\n<tr>\n<td rowspan=\"2\"><a href=\"https:\/\/frelighsburg.ca\/urbanisme-et-environnement\/demands-de-permis-et-certificats\/\">Urbanisme<\/a><\/td>\n<td>Dominic McGee, Responsable du d\u00e9partement d&#8217;urbanisme, inspecteur<\/td>\n<td>(450) 298-5133<\/td>\n<td>122<\/td>\n<td><a href=\"mailto:urbanisme@frelighsburg.ca\">@<\/a><\/td>\n<\/tr>\n<tr>\n<td>Cindy Gr\u00e9goire Charbonneau, Inspectrice<\/td>\n<td>(450) 298-5133<\/td>\n<td>131<\/td>\n<td><a href=\"mailto:inspecteur@frelighsburg.ca\">@<\/a><\/td>\n<\/tr>\n<tr>\n<td rowspan=\"6\"><a href=\"https:\/\/frelighsburg.ca\/services\/services-durgence\/\">Service d&#8217;incendie<\/a><\/td>\n<td>Marc Fortier, Directeur du service incendie<\/td>\n<td>(450) 298-5133<\/td>\n<td>127<\/td>\n<td><a href=\"mailto:incendie@frelighsburg.ca\">@<\/a><\/td>\n<\/tr>\n<tr>\n<td>Samantha Salois, Directrice adjointe du service incendie<\/td>\n<td>(450) 298-5133<\/td>\n<td>127<\/td>\n<td><a href=\"mailto:incendie@frelighsburg.ca\">@<\/a><\/td>\n<\/tr>\n<tr>\n<td>Pierre St-Onge, Capitaine<\/td>\n<td>(450) 298-5133<\/td>\n<td>127<\/td>\n<td><a href=\"mailto:incendie@frelighsburg.ca\">@<\/a><\/td>\n<\/tr>\n<tr>\n<td>Renaud Tilquin, Capitaine<\/td>\n<td>(450) 298-5133<\/td>\n<td>127<\/td>\n<td><a href=\"mailto:incendie@frelighsburg.ca\">@<\/a><\/td>\n<\/tr>\n<tr>\n<td>Julien Bourbeau, Lieutenant (s\u00e9curit\u00e9 civile)<\/td>\n<td>(450) 298-5133<\/td>\n<td>127<\/td>\n<td><a href=\"mailto:incendie@frelighsburg.ca\">@<\/a><\/td>\n<\/tr>\n<tr>\n<td>S\u00e9bastien Gig\u00e8re, Lieutenant<\/td>\n<td>(450) 298-5133<\/td>\n<td>127<\/td>\n<td><a href=\"mailto:incendie@frelighsburg.ca\">@<\/a><\/td>\n<\/tr>\n<tr>\n<td rowspan=\"2\">Comptabilit\u00e9<\/td>\n<td>Nathalie Khayat, Adjointe \u00e0 la direction &amp; responsable de la comptabilit\u00e9<\/td>\n<td>(450) 298-5133<\/td>\n<td>128<\/td>\n<td><a href=\"mailto:comptabilite@frelighsburg.ca\">@<\/a><\/td>\n<\/tr>\n<tr>\n<td>Brigitte Riendeau, Comptable consultante<\/td>\n<td>(450) 298-5133<\/td>\n<td>128<\/td>\n<td><a href=\"mailto:comptabilite@frelighsburg.ca\">@<\/a><\/td>\n<\/tr>\n<tr>\n<td><a href=\"https:\/\/frelighsburg.ca\/tourisme\/bureau-daccueil-touristique\/\">Bureau d\u2019accueil touristique<\/a><\/td>\n<td>France Breton, Coordonnatrice du centre touristique<\/td>\n<td>(450) 298-5133<\/td>\n<td>130<\/td>\n<td><a href=\"mailto:tourisme@frelighsburg.ca\">@<\/a><\/td>\n<\/tr>\n<tr>\n<td>Archives<\/td>\n<td>Anne Pouleur, Consultante et responsable des archives municipales<\/td>\n<td>(450) 298-5133<\/td>\n<td>123<\/td>\n<td><a href=\"mailto:greffe@frelighsburg.ca\">@<\/a><\/td>\n<\/tr>\n<\/tbody>\n<\/table>\n<p><\/p>","protected":false},"excerpt":{"rendered":"<p>Titre Nom No. de t\u00e9l\u00e9phone Poste Courriel Accueil Genevi\u00e8ve Marcoux, Assistante administrative, responsable de l&#8217;accueil et de la logistique interne (450) 298-5133 125 @ Direction g\u00e9n\u00e9rale Sergey Golikov, Directeur g\u00e9n\u00e9ral, greffier et tr\u00e9sorier (450) 298-5133 121 @ Maike Storks, Greffi\u00e8re <a class=\"read-more\" href=\"https:\/\/frelighsburg.ca\/en\/municipalite\/repertoire-des-employes\/\">Read More<\/a><\/p>\n","protected":false},"author":1,"featured_media":0,"parent":7,"menu_order":0,"comment_status":"closed","ping_status":"closed","template":"","meta":{"_acf_changed":false,"_monsterinsights_skip_tracking":false,"_monsterinsights_sitenote_active":false,"_monsterinsights_sitenote_note":"","_monsterinsights_sitenote_category":0,"footnotes":""},"class_list":["post-504","page","type-page","status-publish","hentry"],"acf":[],"aioseo_notices":[],"jetpack_sharing_enabled":true,"_links":{"self":[{"href":"https:\/\/frelighsburg.ca\/en\/wp-json\/wp\/v2\/pages\/504","targetHints":{"allow":["GET"]}}],"collection":[{"href":"https:\/\/frelighsburg.ca\/en\/wp-json\/wp\/v2\/pages"}],"about":[{"href":"https:\/\/frelighsburg.ca\/en\/wp-json\/wp\/v2\/types\/page"}],"author":[{"embeddable":true,"href":"https:\/\/frelighsburg.ca\/en\/wp-json\/wp\/v2\/users\/1"}],"replies":[{"embeddable":true,"href":"https:\/\/frelighsburg.ca\/en\/wp-json\/wp\/v2\/comments?post=504"}],"version-history":[{"count":7,"href":"https:\/\/frelighsburg.ca\/en\/wp-json\/wp\/v2\/pages\/504\/revisions"}],"predecessor-version":[{"id":20491,"href":"https:\/\/frelighsburg.ca\/en\/wp-json\/wp\/v2\/pages\/504\/revisions\/20491"}],"up":[{"embeddable":true,"href":"https:\/\/frelighsburg.ca\/en\/wp-json\/wp\/v2\/pages\/7"}],"wp:attachment":[{"href":"https:\/\/frelighsburg.ca\/en\/wp-json\/wp\/v2\/media?parent=504"}],"curies":[{"name":"wp","href":"https:\/\/api.w.org\/{rel}","templated":true}]}}