{"id":9,"date":"2016-04-15T06:51:39","date_gmt":"2016-04-15T06:51:39","guid":{"rendered":"http:\/\/localhost\/frelighsburg\/?page_id=9"},"modified":"2017-02-17T23:55:33","modified_gmt":"2017-02-17T23:55:33","slug":"services","status":"publish","type":"page","link":"https:\/\/frelighsburg.ca\/en\/services\/","title":{"rendered":"Services"},"content":{"rendered":"<p><\/p>\n<ul>\n<li><strong>Construction MAxime Beaudouin INC.<\/strong><\/li>\n<li>R\u00e9novation et construction<\/li>\n<li>145, chemin Saint-Armand, Frelighsburg<\/li>\n<li>T\u00e9l : 450.298.5149<\/li>\n<li>Cell: 450-204-4645<\/li>\n<\/ul>\n<ul>\n<li><strong>Entreprise Lemaire<\/strong><\/li>\n<li>Excavation, d\u00e9neigement<\/li>\n<li>144 Rte 237 Sud, Frelighsburg<\/li>\n<li>T\u00e9l : 450.298.5171<\/li>\n<\/ul>\n<ul>\n<li><strong>Entreprises Philippe Bourdeau<\/strong><\/li>\n<li>D\u00e9neigement, pelouse et forfaits agricoles<\/li>\n<li>144, route 237 sud, Frelighsburg<\/li>\n<li>T\u00e9l : 450.298.5171<\/li>\n<\/ul>\n<ul>\n<li><strong>Excavation \u00c9loi<\/strong><\/li>\n<li>Excavation et am\u00e9nagement paysager<\/li>\n<li>50, chemin des Bouleaux, Frelighsburg<\/li>\n<li>T\u00e9l : 450.298.5335<\/li>\n<li><a href=\"http:\/\/www.excavationeloibeaudoin.com\" target=\"_blank\">http:\/\/www.excavationeloibeaudoin.com<\/a><\/li>\n<\/ul>\n<ul>\n<li><strong>Garage Bessette <\/strong><\/li>\n<li>M\u00e9canique g\u00e9n\u00e9rale<\/li>\n<li>45 A, rue Principale<\/li>\n<li>T\u00e9l : 450.298.5236<\/li>\n<\/ul>\n<ul>\n<li><strong>Peter Goodhue<\/strong><\/li>\n<li>D\u00e9neigement et mini-excavation, pelouses<\/li>\n<li>54, chemin Abbott\u2019s corner<\/li>\n<li>T\u00e9l : 450.298.1440<\/li>\n<\/ul>\n<ul>\n<li><strong>Station-service Sergaz<\/strong><\/li>\n<li>Essence, acc\u00e8s wi-fi, d\u00e9p\u00f4t nettoyeur<\/li>\n<li>1, rue de l\u2019\u00c9glise, Frelighsburg<\/li>\n<li>T\u00e9l : 450.298-5181<\/li>\n<li><a href=\"http:\/\/www.depanneurduvillage.com\" target=\"_blank\">www.depanneurduvillage.com<\/a><\/li>\n<\/ul>\n<ul>\n<li><strong>Station-service Shell<\/strong><\/li>\n<li>Lamothe \u00e9nergie inc.<\/li>\n<li>45 , rue Principale<\/li>\n<li>T\u00e9l : 450.298.5000<\/li>\n<\/ul>\n<ul>\n<li><strong>Luc Tremblay<\/strong><\/li>\n<li>Peintre en b\u00e2timent, tireru de joints et tapissier<\/li>\n<li>T\u00e9l : 450.298.5424<\/li>\n<li>Cell : 450.776.4607<\/li>\n<\/ul>\n<p><\/p>","protected":false},"excerpt":{"rendered":"<p>Construction MAxime Beaudouin INC. R\u00e9novation et construction 145, chemin Saint-Armand, Frelighsburg T\u00e9l : 450.298.5149 Cell: 450-204-4645 Entreprise Lemaire Excavation, d\u00e9neigement 144 Rte 237 Sud, Frelighsburg T\u00e9l : 450.298.5171 Entreprises Philippe Bourdeau D\u00e9neigement, pelouse et forfaits agricoles 144, route 237 sud, <a class=\"read-more\" href=\"https:\/\/frelighsburg.ca\/en\/services\/\">Read More<\/a><\/p>\n","protected":false},"author":1,"featured_media":0,"parent":0,"menu_order":0,"comment_status":"closed","ping_status":"closed","template":"","meta":{"_acf_changed":false,"_monsterinsights_skip_tracking":false,"_monsterinsights_sitenote_active":false,"_monsterinsights_sitenote_note":"","_monsterinsights_sitenote_category":0,"footnotes":""},"class_list":["post-9","page","type-page","status-publish","hentry"],"acf":[],"aioseo_notices":[],"jetpack_sharing_enabled":true,"_links":{"self":[{"href":"https:\/\/frelighsburg.ca\/en\/wp-json\/wp\/v2\/pages\/9","targetHints":{"allow":["GET"]}}],"collection":[{"href":"https:\/\/frelighsburg.ca\/en\/wp-json\/wp\/v2\/pages"}],"about":[{"href":"https:\/\/frelighsburg.ca\/en\/wp-json\/wp\/v2\/types\/page"}],"author":[{"embeddable":true,"href":"https:\/\/frelighsburg.ca\/en\/wp-json\/wp\/v2\/users\/1"}],"replies":[{"embeddable":true,"href":"https:\/\/frelighsburg.ca\/en\/wp-json\/wp\/v2\/comments?post=9"}],"version-history":[{"count":12,"href":"https:\/\/frelighsburg.ca\/en\/wp-json\/wp\/v2\/pages\/9\/revisions"}],"predecessor-version":[{"id":1667,"href":"https:\/\/frelighsburg.ca\/en\/wp-json\/wp\/v2\/pages\/9\/revisions\/1667"}],"wp:attachment":[{"href":"https:\/\/frelighsburg.ca\/en\/wp-json\/wp\/v2\/media?parent=9"}],"curies":[{"name":"wp","href":"https:\/\/api.w.org\/{rel}","templated":true}]}}