{"id":908,"date":"2016-06-01T07:40:19","date_gmt":"2016-06-01T07:40:19","guid":{"rendered":"http:\/\/localhost\/frelighsburg\/?page_id=908"},"modified":"2024-10-15T15:49:31","modified_gmt":"2024-10-15T19:49:31","slug":"avis-publics","status":"publish","type":"page","link":"https:\/\/frelighsburg.ca\/en\/municipalite\/avis-publics\/","title":{"rendered":"Public Notices"},"content":{"rendered":"<!-- WPFB searchform --><form role=\"search\" method=\"get\" class=\"search-form\" action=\"\"> \t\t\t\t<label> \t\t\t\t\t<span class=\"screen-reader-text\">Search for:<\/span> \t\t\t\t\t<input type=\"search\" class=\"search-field\" placeholder=\"Search &hellip;\" value=\"\" name=\"wpfb_s\" \/> \t\t\t\t<\/label> \t\t\t\t<input type=\"submit\" class=\"search-submit\" value=\"Search\" \/> \t\t\t<\/form><!-- \/WPFB searchform -->\r\n<table>\r\n<thead>\r\n\t<tr><th scope=\"col\"><a href=\"\/en\/wp-json\/wp\/v2\/pages\/908?wpfb_file_sort=&lt;file_name\"><span class=\"fr-hide\">Name<\/span><span class=\"en-hide\">Nom<\/span><\/a><\/th>\r\n        <th scope=\"col\"><a href=\"\/en\/wp-json\/wp\/v2\/pages\/908?wpfb_file_sort=&lt;file_size\"><span class=\"fr-hide\">Size<\/span><span class=\"en-hide\">Taille<\/span><\/a><\/th>\r\n        <th scope=\"col\"><a href=\"\/en\/wp-json\/wp\/v2\/pages\/908?wpfb_file_sort=&lt;file_hits\"><span class=\"fr-hide\">Hits<\/span><span class=\"en-hide\">Consultations<\/span><\/a><\/th><\/tr>\r\n<\/thead>\r\n<tfoot>\r\n\t<tr><th scope=\"col\"><a href=\"\/en\/wp-json\/wp\/v2\/pages\/908?wpfb_file_sort=&lt;file_name\"><span class=\"fr-hide\">Name<\/span><span class=\"en-hide\">Nom<\/span><\/a><\/th><th scope=\"col\"><a href=\"\/en\/wp-json\/wp\/v2\/pages\/908?wpfb_file_sort=&lt;file_size\"><span class=\"fr-hide\">Size<\/span><span class=\"en-hide\">Taille<\/span><\/a><\/th><th scope=\"col\"><a href=\"\/en\/wp-json\/wp\/v2\/pages\/908?wpfb_file_sort=&lt;file_hits\"><span class=\"fr-hide\">Hits<\/span><span class=\"en-hide\">Consultations<\/span><\/a><\/th><\/tr>\r\n<\/tfoot>\r\n<tbody><tr><td><a href=\"https:\/\/frelighsburg.ca\/en\/?wpfb_dl=2979\">Avis public : S\u00e9ance sp\u00e9ciale - 15 avril 2026<\/a><\/td><td>210.1 KiB<\/td><td style=\"text-align:center\">14<\/td><\/tr><tr><td><a href=\"https:\/\/frelighsburg.ca\/en\/?wpfb_dl=2976\">Avis public : Adoption du r\u00e8glement 183-03-2026 \u00e9dictant le code d&#039;\u00e9thique et de d\u00e9ontologie des \u00e9lu(e)s municipaux<\/a><\/td><td>135.3 KiB<\/td><td style=\"text-align:center\">22<\/td><\/tr><tr><td><a href=\"https:\/\/frelighsburg.ca\/en\/?wpfb_dl=2974\">Avis public : Adoption du r\u00e8glement 184-03-2026 \u00e9tablissant les r\u00e8gles de constitution et de r\u00e9gie interne des comit\u00e9s consultatifs<\/a><\/td><td>134.2 KiB<\/td><td style=\"text-align:center\">22<\/td><\/tr><tr><td><a href=\"https:\/\/frelighsburg.ca\/en\/?wpfb_dl=2967\">Avis public : D\u00e9p\u00f4t du rapport financier et du rapport du v\u00e9rificateur<\/a><\/td><td>127.8 KiB<\/td><td style=\"text-align:center\">21<\/td><\/tr><tr><td><a href=\"https:\/\/frelighsburg.ca\/en\/?wpfb_dl=2965\">Avis public : Projet de r\u00e8glement N0 183-03-26 \u00e9dictant le code d&#039;\u00e9thique et de d\u00e9ontologie des \u00e9lu(e)s municipaux<\/a><\/td><td>155.0 KiB<\/td><td style=\"text-align:center\">27<\/td><\/tr><tr><td><a href=\"https:\/\/frelighsburg.ca\/en\/?wpfb_dl=2957\">Avis public : D\u00e9p\u00f4t du r\u00f4le g\u00e9n\u00e9ral de perception pour l&#039;exercice financier 2026<\/a><\/td><td>159.9 KiB<\/td><td style=\"text-align:center\">73<\/td><\/tr><tr><td><a href=\"https:\/\/frelighsburg.ca\/en\/?wpfb_dl=2954\">Avis public : Adoption du r\u00e8glement N0 179-11-2025 visant \u00e0 modifier le r\u00e8glement sur les permis et certificats N0 134-2021<\/a><\/td><td>134.1 KiB<\/td><td style=\"text-align:center\">60<\/td><\/tr><tr><td><a href=\"https:\/\/frelighsburg.ca\/en\/?wpfb_dl=2953\">Avis public : Adoption du r\u00e8glement N0 180-02-2026 d\u00e9cr\u00e9tant l&#039;imposition des taxes municipales pour l&#039;ann\u00e9ee 2026<\/a><\/td><td>133.1 KiB<\/td><td style=\"text-align:center\">72<\/td><\/tr><tr><td><a href=\"https:\/\/frelighsburg.ca\/en\/?wpfb_dl=2947\">Avis public : S\u00e9ance sp\u00e9ciale - 4 f\u00e9vrier 2026<\/a><\/td><td>136.7 KiB<\/td><td style=\"text-align:center\">87<\/td><\/tr><tr><td><a href=\"https:\/\/frelighsburg.ca\/en\/?wpfb_dl=2944\">Avis d&#039;appel d&#039;offres<\/a><\/td><td>296.8 KiB<\/td><td style=\"text-align:center\">121<\/td><\/tr><\/tbody>\r\n<\/table>\r\n<div class=\"tablenav-pages\"><span aria-current=\"page\" class=\"page-numbers current\">1<\/span>\n<a class=\"page-numbers\" href=\"\/en\/wp-json\/wp\/v2\/pages\/908?wpfb_list_page=2\">2<\/a>\n<a class=\"page-numbers\" href=\"\/en\/wp-json\/wp\/v2\/pages\/908?wpfb_list_page=3\">3<\/a>\n<span class=\"page-numbers dots\">&hellip;<\/span>\n<a class=\"page-numbers\" href=\"\/en\/wp-json\/wp\/v2\/pages\/908?wpfb_list_page=39\">39<\/a>\n<a class=\"next page-numbers\" href=\"\/en\/wp-json\/wp\/v2\/pages\/908?wpfb_list_page=2\">Next &raquo;<\/a><\/div>\n","protected":false},"excerpt":{"rendered":"","protected":false},"author":1,"featured_media":0,"parent":7,"menu_order":0,"comment_status":"closed","ping_status":"closed","template":"","meta":{"_acf_changed":false,"_monsterinsights_skip_tracking":false,"_monsterinsights_sitenote_active":false,"_monsterinsights_sitenote_note":"","_monsterinsights_sitenote_category":0,"footnotes":""},"class_list":["post-908","page","type-page","status-publish","hentry"],"acf":[],"aioseo_notices":[],"jetpack_sharing_enabled":true,"_links":{"self":[{"href":"https:\/\/frelighsburg.ca\/en\/wp-json\/wp\/v2\/pages\/908","targetHints":{"allow":["GET"]}}],"collection":[{"href":"https:\/\/frelighsburg.ca\/en\/wp-json\/wp\/v2\/pages"}],"about":[{"href":"https:\/\/frelighsburg.ca\/en\/wp-json\/wp\/v2\/types\/page"}],"author":[{"embeddable":true,"href":"https:\/\/frelighsburg.ca\/en\/wp-json\/wp\/v2\/users\/1"}],"replies":[{"embeddable":true,"href":"https:\/\/frelighsburg.ca\/en\/wp-json\/wp\/v2\/comments?post=908"}],"version-history":[{"count":6,"href":"https:\/\/frelighsburg.ca\/en\/wp-json\/wp\/v2\/pages\/908\/revisions"}],"predecessor-version":[{"id":14926,"href":"https:\/\/frelighsburg.ca\/en\/wp-json\/wp\/v2\/pages\/908\/revisions\/14926"}],"up":[{"embeddable":true,"href":"https:\/\/frelighsburg.ca\/en\/wp-json\/wp\/v2\/pages\/7"}],"wp:attachment":[{"href":"https:\/\/frelighsburg.ca\/en\/wp-json\/wp\/v2\/media?parent=908"}],"curies":[{"name":"wp","href":"https:\/\/api.w.org\/{rel}","templated":true}]}}